{"id":701,"date":"2025-05-27T20:33:29","date_gmt":"2025-05-27T18:33:29","guid":{"rendered":"https:\/\/ny.mintrecords.dk\/?page_id=701"},"modified":"2026-04-24T12:36:36","modified_gmt":"2026-04-24T10:36:36","slug":"om-mint-records","status":"publish","type":"page","link":"https:\/\/ny.mintrecords.dk\/index.php\/om-mint-records\/","title":{"rendered":"Om Mint Records"},"content":{"rendered":"<style>.kb-row-layout-id701_f87e33-02 > .kt-row-column-wrap{align-content:start;}:where(.kb-row-layout-id701_f87e33-02 > .kt-row-column-wrap) > .wp-block-kadence-column{justify-content:start;}.kb-row-layout-id701_f87e33-02 > .kt-row-column-wrap{column-gap:var(--global-kb-gap-lg, 4rem);row-gap:var(--global-kb-gap-md, 2rem);max-width:var( --global-content-width, 1290px );padding-left:var(--global-content-edge-padding);padding-right:var(--global-content-edge-padding);padding-top:var(--global-kb-spacing-5xl, 10rem);padding-bottom:var(--global-kb-spacing-xxl, 5rem);min-height:670px;grid-template-columns:minmax(0, 1fr);}.kb-row-layout-id701_f87e33-02{background-image:url('https:\/\/ny.mintrecords.dk\/wp-content\/uploads\/2025\/05\/IMG_8442.jpeg');background-size:auto;background-position:56.00000000000001% 15%;background-attachment:scroll;background-repeat:no-repeat;}.kb-row-layout-id701_f87e33-02 > .kt-row-layout-overlay{opacity:0.90;background:linear-gradient(90deg,var(--global-palette9,#ffffff) 19%,rgba(0,0,0,0) 100%);}.kb-row-layout-id701_f87e33-02 .kt-row-layout-bottom-sep{height:100px;}.kb-row-layout-id701_f87e33-02 .kt-row-layout-bottom-sep svg{width:100%;}.kb-row-layout-id701_f87e33-02 .kt-row-layout-bottom-sep svg{fill:#ffffff!important;}@media all and (max-width: 1024px){.kb-row-layout-id701_f87e33-02 > .kt-row-column-wrap{padding-top:var(--global-kb-spacing-3xl, 6.5rem);padding-bottom:var(--global-kb-spacing-3xl, 6.5rem);min-height:600px;grid-template-columns:minmax(0, 1fr);}}@media all and (max-width: 1024px){.kb-row-layout-id701_f87e33-02 > .kt-row-layout-overlay{opacity:0.90;background:linear-gradient(134deg,var(--global-palette9,#ffffff) 53%,rgba(255,255,255,0) 100%);}}@media all and (max-width: 1024px){.kb-row-layout-id701_f87e33-02 .kt-row-layout-bottom-sep{height:80px;}}@media all and (max-width: 1024px){.kb-row-layout-id701_f87e33-02 .kt-row-layout-bottom-sep svg{width:%;}}@media all and (max-width: 767px){.kb-row-layout-id701_f87e33-02 > .kt-row-column-wrap{padding-top:var(--global-kb-spacing-lg, 3rem);padding-bottom:var(--global-kb-spacing-lg, 3rem);grid-template-columns:minmax(0, 1fr);}.kb-row-layout-id701_f87e33-02 > .kt-row-layout-overlay{opacity:1;background:linear-gradient(110deg,var(--global-palette9,#ffffff) 61%,rgba(255,255,255,0) 100%);}.kb-row-layout-id701_f87e33-02 .kt-row-layout-bottom-sep{height:60px;}.kb-row-layout-id701_f87e33-02 .kt-row-layout-bottom-sep svg{width:%;}}<\/style><div class=\"kb-row-layout-wrap kb-row-layout-id701_f87e33-02 alignfull has-theme-palette8-background-color kt-row-has-bg wp-block-kadence-rowlayout\"><div class=\"kt-row-layout-overlay kt-row-overlay-gradient\"><\/div><div class=\"kt-row-column-wrap kt-has-1-columns kt-row-layout-equal kt-tab-layout-row kt-mobile-layout-row kt-row-valign-top kb-theme-content-width\">\n<style>.kadence-column701_aa70c3-49 > .kt-inside-inner-col{display:flex;}.kadence-column701_aa70c3-49 > .kt-inside-inner-col,.kadence-column701_aa70c3-49 > .kt-inside-inner-col:before{border-top-left-radius:0px;border-top-right-radius:0px;border-bottom-right-radius:0px;border-bottom-left-radius:0px;}.kadence-column701_aa70c3-49 > .kt-inside-inner-col{column-gap:var(--global-kb-gap-sm, 1rem);}.kadence-column701_aa70c3-49 > .kt-inside-inner-col{flex-direction:column-reverse;}.kadence-column701_aa70c3-49 > .kt-inside-inner-col > .aligncenter{width:100%;}.kadence-column701_aa70c3-49 > .kt-inside-inner-col:before{opacity:0.3;}.kadence-column701_aa70c3-49{position:relative;}@media all and (max-width: 1024px){.kadence-column701_aa70c3-49 > .kt-inside-inner-col{flex-direction:column-reverse;}}@media all and (max-width: 767px){.kadence-column701_aa70c3-49 > .kt-inside-inner-col{flex-direction:column-reverse;}}<\/style>\n<div class=\"wp-block-kadence-column kadence-column701_aa70c3-49 kb-section-dir-vertical-reverse inner-column-1\"><div class=\"kt-inside-inner-col\">\n<div class=\"wp-block-columns is-layout-flex wp-container-core-columns-is-layout-9d6595d7 wp-block-columns-is-layout-flex\">\n<div class=\"wp-block-column is-layout-flow wp-block-column-is-layout-flow\"><style>.wp-block-kadence-advancedheading.kt-adv-heading701_3cb435-49, .wp-block-kadence-advancedheading.kt-adv-heading701_3cb435-49[data-kb-block=\"kb-adv-heading701_3cb435-49\"]{font-size:var(--global-kb-font-size-md, 1.25rem);font-style:normal;}.wp-block-kadence-advancedheading.kt-adv-heading701_3cb435-49 mark.kt-highlight, .wp-block-kadence-advancedheading.kt-adv-heading701_3cb435-49[data-kb-block=\"kb-adv-heading701_3cb435-49\"] mark.kt-highlight{font-style:normal;color:#f76a0c;-webkit-box-decoration-break:clone;box-decoration-break:clone;padding-top:0px;padding-right:0px;padding-bottom:0px;padding-left:0px;}<\/style>\n<p class=\"kt-adv-heading701_3cb435-49 wp-block-kadence-advancedheading\" data-kb-block=\"kb-adv-heading701_3cb435-49\"><\/p>\n<\/div>\n\n\n\n<div class=\"wp-block-column is-layout-flow wp-block-column-is-layout-flow\">\n<p><\/p>\n<\/div>\n<\/div>\n\n\n\n<h1 class=\"wp-block-heading\">En af danmarks st\u00f8rste pladebutikker.<br><\/h1>\n<\/div><\/div>\n\n<\/div><\/div>\n\n<style>.kb-row-layout-id701_9043de-41 > .kt-row-column-wrap{align-content:center;}:where(.kb-row-layout-id701_9043de-41 > .kt-row-column-wrap) > .wp-block-kadence-column{justify-content:center;}.kb-row-layout-id701_9043de-41 > .kt-row-column-wrap{column-gap:var(--global-kb-gap-none, 0rem );row-gap:var(--global-kb-gap-md, 2rem);max-width:var( --global-content-width, 1290px );padding-left:var(--global-content-edge-padding);padding-right:var(--global-content-edge-padding);padding-top:var(--global-kb-spacing-xxl, 5rem);padding-bottom:var(--global-kb-spacing-xxl, 5rem);grid-template-columns:repeat(2, minmax(0, 1fr));}.kb-row-layout-id701_9043de-41 > .kt-row-layout-overlay{opacity:0.30;}@media all and (max-width: 1024px){.kb-row-layout-id701_9043de-41 > .kt-row-column-wrap{grid-template-columns:minmax(0, 1fr);}}@media all and (max-width: 767px){.kb-row-layout-id701_9043de-41 > .kt-row-column-wrap{grid-template-columns:minmax(0, 1fr);}}<\/style><div class=\"kb-row-layout-wrap kb-row-layout-id701_9043de-41 alignfull has-theme-palette9-background-color kt-row-has-bg wp-block-kadence-rowlayout\"><div class=\"kt-row-column-wrap kt-has-2-columns kt-row-layout-equal kt-tab-layout-row kt-mobile-layout-row kt-row-valign-middle kb-theme-content-width\">\n<style>.kadence-column701_77c0a5-d8 > .kt-inside-inner-col{display:flex;}.kadence-column701_77c0a5-d8 > .kt-inside-inner-col,.kadence-column701_77c0a5-d8 > .kt-inside-inner-col:before{border-top-left-radius:0px;border-top-right-radius:0px;border-bottom-right-radius:0px;border-bottom-left-radius:0px;}.kadence-column701_77c0a5-d8 > .kt-inside-inner-col{column-gap:var(--global-kb-gap-sm, 1rem);}.kadence-column701_77c0a5-d8 > .kt-inside-inner-col{flex-direction:column;justify-content:flex-start;}.kadence-column701_77c0a5-d8 > .kt-inside-inner-col > .aligncenter{width:100%;}.kt-row-column-wrap > .kadence-column701_77c0a5-d8{align-self:flex-start;}.kt-inner-column-height-full:not(.kt-has-1-columns) > .wp-block-kadence-column.kadence-column701_77c0a5-d8{align-self:auto;}.kt-inner-column-height-full:not(.kt-has-1-columns) > .wp-block-kadence-column.kadence-column701_77c0a5-d8 > .kt-inside-inner-col{flex-direction:column;justify-content:flex-start;}.kadence-column701_77c0a5-d8 > .kt-inside-inner-col:before{opacity:0.3;}.kadence-column701_77c0a5-d8{position:relative;}.kadence-column701_77c0a5-d8, .kt-inside-inner-col > .kadence-column701_77c0a5-d8:not(.specificity){margin-right:var(--global-kb-spacing-xxl, 5rem);}@media all and (max-width: 1024px){.kadence-column701_77c0a5-d8 > .kt-inside-inner-col{padding-right:var(--global-kb-spacing-3xl, 6.5rem);padding-left:var(--global-kb-spacing-3xl, 6.5rem);flex-direction:column;}}@media all and (max-width: 1024px){.kt-row-column-wrap > .kadence-column701_77c0a5-d8{align-self:flex-start;}}@media all and (max-width: 1024px){.kt-inner-column-height-full:not(.kt-has-1-columns) > .wp-block-kadence-column.kadence-column701_77c0a5-d8{align-self:auto;}}@media all and (max-width: 1024px){.kt-inner-column-height-full:not(.kt-has-1-columns) > .wp-block-kadence-column.kadence-column701_77c0a5-d8 > .kt-inside-inner-col{flex-direction:column;justify-content:flex-start;}}@media all and (max-width: 1024px){.kadence-column701_77c0a5-d8, .kt-inside-inner-col > .kadence-column701_77c0a5-d8:not(.specificity){margin-right:0px;margin-bottom:var(--global-kb-spacing-md, 2rem);}}@media all and (max-width: 767px){.kadence-column701_77c0a5-d8 > .kt-inside-inner-col{padding-right:var(--global-kb-spacing-xxs, 0.5rem);padding-left:var(--global-kb-spacing-xxs, 0.5rem);flex-direction:column;}.kt-row-column-wrap > .kadence-column701_77c0a5-d8{align-self:flex-start;}.kt-inner-column-height-full:not(.kt-has-1-columns) > .wp-block-kadence-column.kadence-column701_77c0a5-d8{align-self:auto;}.kt-inner-column-height-full:not(.kt-has-1-columns) > .wp-block-kadence-column.kadence-column701_77c0a5-d8 > .kt-inside-inner-col{flex-direction:column;justify-content:flex-start;}}<\/style>\n<div class=\"wp-block-kadence-column kadence-column701_77c0a5-d8 kb-section-dir-vertical inner-column-1\"><div class=\"kt-inside-inner-col\">\n<p>Siden 2006 har Mint Records v\u00e6ret et mekka for musikelskere, samlere og nysgerrige sj\u00e6le. Med mere end 70.000 titler i butikken, er vi en af de st\u00f8rste pladebutikker i Danmark \u2013 b\u00e5de i udvalg og i fysisk st\u00f8rrelse. Vi har de fleste medietyper: LP\u2019er, singler, CD\u2019er, kassetteb\u00e5nd, DVD, Blu-Ray, tegneserier, musikb\u00f8ger, plakater, konsolspil mm <br>Vores udvalg d\u00e6kker alle genrer og epoker. Pop, Rock, Hip-hop, Elektronisk, Soul, Country, Jazz, Blues, Reggae, Klassisk, Heavy, Latin, Afro, Folk, Indie, Punk, Gospel, World, Soundtracks etc.<\/p>\n\n\n\n<p><strong>Alle er velkomne<\/strong><\/p>\n\n\n\n<p>I Mint Records er der plads til b\u00e5de den hardcore samler og den nysgerrige nybegynder, og det er okay at komme forbi bare for at snuse lidt.<br>I k\u00e6lderen finder du vores popul\u00e6re udsalgsmarked, hvor priserne falder uge for uge \u2013 helt ned til 2 kr. stykket \u2013 og hvor du kan g\u00f8re sjove fund blandt CD\u2019er, film, b\u00f8ger og tegneserier. <br><br><strong>K\u00f8b, salg og bytte<\/strong><\/p>\n\n\n\n<p>Vi k\u00f8ber og bytter gerne de ting du ikke vil have st\u00e5ende mere. Du kan v\u00e6lge at f\u00e5 ubetalt pengene, eller du kan f\u00e5 et tilgodebevis til butikken, som s\u00e5 er  20% h\u00f8jere end kontantbel\u00f8bet. Har du noget s\u00e6rligt eller sj\u00e6ldent, h\u00f8rer vi meget gerne fra dig \u2013 vi er altid p\u00e5 jagt efter sp\u00e6ndende nye ting.<br>Vi f\u00e5r rigtig mange ting tilbudt, og det er dejligt. Men det er ogs\u00e5 mere end vi har plads til, s\u00e5 vi kan godt finde p\u00e5 at sige nej tak til ting, vi ikke tror vi kan s\u00e6lge igen. Ring eller skriv evt f\u00f8r du kommer forbi, hvis du vil have en fornemmelse af, om du har noget vi kan bruge.<\/p>\n\n\n\n<p><strong>Folkene bag disken<\/strong><\/p>\n\n\n\n<p>Vi arbejder syv mennesker i butikken. Den yngste er 15 og den \u00e6ldste 64. Samlet har vi stor viden om det meste indenfor musik, film, tegneserier mm.<\/p>\n\n\n\n<p><\/p>\n\n\n\n<p><br><\/p>\n\n\n\n<p>.<\/p>\n<\/div><\/div>\n\n\n<style>.kadence-column701_df0d7c-93 > .kt-inside-inner-col,.kadence-column701_df0d7c-93 > .kt-inside-inner-col:before{border-top-left-radius:0px;border-top-right-radius:0px;border-bottom-right-radius:0px;border-bottom-left-radius:0px;}.kadence-column701_df0d7c-93 > .kt-inside-inner-col{column-gap:var(--global-kb-gap-sm, 1rem);}.kadence-column701_df0d7c-93 > .kt-inside-inner-col{flex-direction:column;}.kadence-column701_df0d7c-93 > .kt-inside-inner-col > .aligncenter{width:100%;}.kadence-column701_df0d7c-93 > .kt-inside-inner-col:before{opacity:0.3;}.kadence-column701_df0d7c-93{position:relative;}.kadence-column701_df0d7c-93, .kt-inside-inner-col > .kadence-column701_df0d7c-93:not(.specificity){margin-top:0px;margin-right:0px;margin-bottom:0px;margin-left:0px;}@media all and (max-width: 1024px){.kadence-column701_df0d7c-93 > .kt-inside-inner-col{padding-right:var(--global-kb-spacing-xs, 1rem);padding-left:var(--global-kb-spacing-xs, 1rem);flex-direction:column;}}@media all and (max-width: 767px){.kadence-column701_df0d7c-93 > .kt-inside-inner-col{padding-right:var(--global-kb-spacing-xxs, 0.5rem);padding-left:var(--global-kb-spacing-xxs, 0.5rem);flex-direction:column;}}<\/style>\n<div class=\"wp-block-kadence-column kadence-column701_df0d7c-93 inner-column-2\"><div class=\"kt-inside-inner-col\"><style>.kb-image701_fc3cd7-90 .kb-image-has-overlay:after{opacity:0.3;}.kb-image701_fc3cd7-90 img.kb-img, .kb-image701_fc3cd7-90 .kb-img img{object-position:26% 26%;}<\/style>\n<figure class=\"wp-block-kadence-image kb-image701_fc3cd7-90 size-1536x1536 kb-image-is-ratio-size\"><div class=\"kb-is-ratio-image kb-image-ratio-port34\"><img decoding=\"async\" width=\"1536\" height=\"1152\" data-src=\"https:\/\/ny.mintrecords.dk\/wp-content\/uploads\/2025\/05\/IMG_8430-1536x1152.jpeg\" alt=\"\" class=\"kb-img wp-image-460 lazyload\" data-srcset=\"https:\/\/ny.mintrecords.dk\/wp-content\/uploads\/2025\/05\/IMG_8430-1536x1152.jpeg 1536w, https:\/\/ny.mintrecords.dk\/wp-content\/uploads\/2025\/05\/IMG_8430-300x225.jpeg 300w, https:\/\/ny.mintrecords.dk\/wp-content\/uploads\/2025\/05\/IMG_8430-1024x768.jpeg 1024w, https:\/\/ny.mintrecords.dk\/wp-content\/uploads\/2025\/05\/IMG_8430-768x576.jpeg 768w, https:\/\/ny.mintrecords.dk\/wp-content\/uploads\/2025\/05\/IMG_8430.jpeg 2048w\" data-sizes=\"(max-width: 1536px) 100vw, 1536px\" src=\"data:image\/gif;base64,R0lGODlhAQABAAAAACH5BAEKAAEALAAAAAABAAEAAAICTAEAOw==\" style=\"--smush-placeholder-width: 1536px; --smush-placeholder-aspect-ratio: 1536\/1152;\" \/><\/div><\/figure>\n\n\n<style>.kb-image701_f8ee1c-71 .kb-image-has-overlay:after{opacity:0.3;}.kb-image701_f8ee1c-71 img.kb-img, .kb-image701_f8ee1c-71 .kb-img img{object-position:24% 32%;}<\/style>\n<figure class=\"wp-block-kadence-image kb-image701_f8ee1c-71 size-1536x1536 kb-image-is-ratio-size\"><div class=\"kb-is-ratio-image kb-image-ratio-port34\"><img decoding=\"async\" width=\"1536\" height=\"1152\" data-src=\"https:\/\/ny.mintrecords.dk\/wp-content\/uploads\/2025\/05\/IMG_8419-1-1536x1152.jpeg\" alt=\"\" class=\"kb-img wp-image-450 lazyload\" data-srcset=\"https:\/\/ny.mintrecords.dk\/wp-content\/uploads\/2025\/05\/IMG_8419-1-1536x1152.jpeg 1536w, https:\/\/ny.mintrecords.dk\/wp-content\/uploads\/2025\/05\/IMG_8419-1-300x225.jpeg 300w, https:\/\/ny.mintrecords.dk\/wp-content\/uploads\/2025\/05\/IMG_8419-1-1024x768.jpeg 1024w, https:\/\/ny.mintrecords.dk\/wp-content\/uploads\/2025\/05\/IMG_8419-1-768x576.jpeg 768w, https:\/\/ny.mintrecords.dk\/wp-content\/uploads\/2025\/05\/IMG_8419-1.jpeg 2048w\" data-sizes=\"(max-width: 1536px) 100vw, 1536px\" src=\"data:image\/gif;base64,R0lGODlhAQABAAAAACH5BAEKAAEALAAAAAABAAEAAAICTAEAOw==\" style=\"--smush-placeholder-width: 1536px; --smush-placeholder-aspect-ratio: 1536\/1152;\" \/><\/div><\/figure>\n<\/div><\/div>\n\n<\/div><\/div>","protected":false},"excerpt":{"rendered":"<p>En af danmarks st\u00f8rste pladebutikker. Siden 2006 har Mint Records v\u00e6ret et mekka for musikelskere, samlere og nysgerrige sj\u00e6le. Med mere end 70.000 titler i butikken, er vi en af de st\u00f8rste pladebutikker i Danmark \u2013 b\u00e5de i udvalg og i fysisk st\u00f8rrelse. Vi har de fleste medietyper: LP\u2019er, singler, CD\u2019er, kassetteb\u00e5nd, DVD, Blu-Ray, tegneserier,&#8230;<\/p>\n","protected":false},"author":1,"featured_media":0,"parent":0,"menu_order":0,"comment_status":"closed","ping_status":"closed","template":"","meta":{"_kadence_starter_templates_imported_post":false,"_kad_post_transparent":"","_kad_post_title":"","_kad_post_layout":"","_kad_post_sidebar_id":"","_kad_post_content_style":"","_kad_post_vertical_padding":"","_kad_post_feature":"","_kad_post_feature_position":"","_kad_post_header":false,"_kad_post_footer":false,"footnotes":""},"class_list":["post-701","page","type-page","status-publish","hentry"],"_links":{"self":[{"href":"https:\/\/ny.mintrecords.dk\/index.php\/wp-json\/wp\/v2\/pages\/701","targetHints":{"allow":["GET"]}}],"collection":[{"href":"https:\/\/ny.mintrecords.dk\/index.php\/wp-json\/wp\/v2\/pages"}],"about":[{"href":"https:\/\/ny.mintrecords.dk\/index.php\/wp-json\/wp\/v2\/types\/page"}],"author":[{"embeddable":true,"href":"https:\/\/ny.mintrecords.dk\/index.php\/wp-json\/wp\/v2\/users\/1"}],"replies":[{"embeddable":true,"href":"https:\/\/ny.mintrecords.dk\/index.php\/wp-json\/wp\/v2\/comments?post=701"}],"version-history":[{"count":20,"href":"https:\/\/ny.mintrecords.dk\/index.php\/wp-json\/wp\/v2\/pages\/701\/revisions"}],"predecessor-version":[{"id":894,"href":"https:\/\/ny.mintrecords.dk\/index.php\/wp-json\/wp\/v2\/pages\/701\/revisions\/894"}],"wp:attachment":[{"href":"https:\/\/ny.mintrecords.dk\/index.php\/wp-json\/wp\/v2\/media?parent=701"}],"curies":[{"name":"wp","href":"https:\/\/api.w.org\/{rel}","templated":true}]}}